{"id":833,"date":"2020-11-30T16:02:53","date_gmt":"2020-11-30T15:02:53","guid":{"rendered":"https:\/\/bonello.hu\/?post_type=product&#038;p=833"},"modified":"2021-10-14T19:23:31","modified_gmt":"2021-10-14T18:23:31","slug":"mentazold-csipkevel-diszitett-alkalmi-ruha-104-110-meretben","status":"publish","type":"product","link":"https:\/\/bonello.hu\/?product=mentazold-csipkevel-diszitett-alkalmi-ruha-104-110-meretben","title":{"rendered":"Mentaz\u00f6ld csipk\u00e9vel d\u00edsz\u00edtett alkalmi ruha 104-110 m\u00e9retben"},"content":{"rendered":"<p>Eleg\u00e1ns, de visszafogott ruha derek\u00e1n sz\u00e9les csipke d\u00edsz\u00edt\u00e9ssel. A szoknya r\u00e9sze k\u00f6r alakban lett szabva, \u00edgy p\u00f6rg\u0151s fazon\u00fa. 3 r\u00e9teg\u0171, egy als\u00f3szoknya \u00e9s k\u00e9t r\u00e9teg \u00e1ttetsz\u0151 menta sz\u00edn\u0171 anyag fodroz\u00e1ssal eldolgozva. H\u00e1ta gombokkal z\u00e1r\u00f3dik.<br \/>\n104-110 m\u00e9retre szabott.<br \/>\nAnyaga:100% poli\u00e9szter, 100% pamut csipke<\/p>\n<p><strong>Ha nincs k\u00e9szleten, de szeretne ehhez hasonl\u00f3 ruh\u00e1t m\u00e1s sz\u00ednben vagy m\u00e9retben, akkor keressen meg az el\u00e9rhet\u0151s\u00e9geimen. Sz\u00edvesen elk\u00e9sz\u00edtem k\u00e9r\u00e9s szerint.<\/strong><\/p>\n","protected":false},"excerpt":{"rendered":"<p>Eleg\u00e1ns, de visszafogott ruha derek\u00e1n sz\u00e9les csipke d\u00edsz\u00edt\u00e9ssel. A szoknya r\u00e9sze k\u00f6r alakban lett szabva, \u00edgy p\u00f6rg\u0151s fazon\u00fa. 3 r\u00e9teg\u0171, egy als\u00f3szoknya \u00e9s k\u00e9t r\u00e9teg \u00e1ttetsz\u0151 menta sz\u00edn\u0171 anyag fodroz\u00e1ssal eldolgozva. H\u00e1ta gombokkal z\u00e1r\u00f3dik. 104-110 m\u00e9retre szabott. Anyaga:100% poli\u00e9szter, 100% pamut csipke Ha nincs k\u00e9szleten, de szeretne ehhez hasonl\u00f3 ruh\u00e1t m\u00e1s sz\u00ednben vagy m\u00e9retben, akkor [&hellip;]<\/p>\n","protected":false},"featured_media":0,"template":"","meta":{"_et_pb_use_builder":"","_et_pb_old_content":"","_et_gb_content_width":""},"product_cat":[25,22,61],"product_tag":[68,69,82,121,90],"_links":{"self":[{"href":"https:\/\/bonello.hu\/index.php?rest_route=\/wp\/v2\/product\/833"}],"collection":[{"href":"https:\/\/bonello.hu\/index.php?rest_route=\/wp\/v2\/product"}],"about":[{"href":"https:\/\/bonello.hu\/index.php?rest_route=\/wp\/v2\/types\/product"}],"wp:attachment":[{"href":"https:\/\/bonello.hu\/index.php?rest_route=%2Fwp%2Fv2%2Fmedia&parent=833"}],"wp:term":[{"taxonomy":"product_cat","embeddable":true,"href":"https:\/\/bonello.hu\/index.php?rest_route=%2Fwp%2Fv2%2Fproduct_cat&post=833"},{"taxonomy":"product_tag","embeddable":true,"href":"https:\/\/bonello.hu\/index.php?rest_route=%2Fwp%2Fv2%2Fproduct_tag&post=833"}],"curies":[{"name":"wp","href":"https:\/\/api.w.org\/{rel}","templated":true}]}}