{"id":837,"date":"2020-11-30T16:17:57","date_gmt":"2020-11-30T15:17:57","guid":{"rendered":"https:\/\/bonello.hu\/?post_type=product&#038;p=837"},"modified":"2021-10-12T19:46:28","modified_gmt":"2021-10-12T18:46:28","slug":"tortfeher-a-vonalu-kislany-ruha-valtoztathato-masnival-86-92-meretben","status":"publish","type":"product","link":"https:\/\/bonello.hu\/?product=tortfeher-a-vonalu-kislany-ruha-valtoztathato-masnival-86-92-meretben","title":{"rendered":"T\u00f6rtfeh\u00e9r A vonal\u00fa kisl\u00e1ny ruha v\u00e1ltoztathat\u00f3 masnival 86-92 m\u00e9retben"},"content":{"rendered":"<p>L\u00e1gy es\u00e9s\u0171 strukt\u00far\u00e1lt sz\u00f6vetb\u0151l k\u00e9sz\u00fclt al\u00e1b\u00e9lelt megold\u00e1ssal ez a ruha. Anyag\u00e1ban f\u00fcgg\u0151leges sz\u00e1l minta van<\/p>\n<p>Szab\u00e1sa egyszer\u0171 A vonal\u00fa, alj\u00e1n enyhe fodor van fekete selyemb\u0151l. A masni \u00e1thelyezhet\u0151.<\/p>\n<p>Anyaga: 100% poli\u00e9szter<\/p>\n<p><strong>Ha nincs k\u00e9szleten, de szeretne ehhez hasonl\u00f3 ruh\u00e1t m\u00e1s sz\u00ednben vagy m\u00e9retben, akkor keressen meg az el\u00e9rhet\u0151s\u00e9geimen. Sz\u00edvesen elk\u00e9sz\u00edtem k\u00e9r\u00e9s szerint.<\/strong><\/p>\n","protected":false},"excerpt":{"rendered":"<p>L\u00e1gy es\u00e9s\u0171 strukt\u00far\u00e1lt sz\u00f6vetb\u0151l k\u00e9sz\u00fclt al\u00e1b\u00e9lelt megold\u00e1ssal ez a ruha. Anyag\u00e1ban f\u00fcgg\u0151leges sz\u00e1l minta van Szab\u00e1sa egyszer\u0171 A vonal\u00fa, alj\u00e1n enyhe fodor van fekete selyemb\u0151l. A masni \u00e1thelyezhet\u0151. Anyaga: 100% poli\u00e9szter Ha nincs k\u00e9szleten, de szeretne ehhez hasonl\u00f3 ruh\u00e1t m\u00e1s sz\u00ednben vagy m\u00e9retben, akkor keressen meg az el\u00e9rhet\u0151s\u00e9geimen. Sz\u00edvesen elk\u00e9sz\u00edtem k\u00e9r\u00e9s szerint.<\/p>\n","protected":false},"featured_media":0,"template":"","meta":{"_et_pb_use_builder":"","_et_pb_old_content":"","_et_gb_content_width":""},"product_cat":[25,20,61],"product_tag":[68,69,76,90,105],"_links":{"self":[{"href":"https:\/\/bonello.hu\/index.php?rest_route=\/wp\/v2\/product\/837"}],"collection":[{"href":"https:\/\/bonello.hu\/index.php?rest_route=\/wp\/v2\/product"}],"about":[{"href":"https:\/\/bonello.hu\/index.php?rest_route=\/wp\/v2\/types\/product"}],"wp:attachment":[{"href":"https:\/\/bonello.hu\/index.php?rest_route=%2Fwp%2Fv2%2Fmedia&parent=837"}],"wp:term":[{"taxonomy":"product_cat","embeddable":true,"href":"https:\/\/bonello.hu\/index.php?rest_route=%2Fwp%2Fv2%2Fproduct_cat&post=837"},{"taxonomy":"product_tag","embeddable":true,"href":"https:\/\/bonello.hu\/index.php?rest_route=%2Fwp%2Fv2%2Fproduct_tag&post=837"}],"curies":[{"name":"wp","href":"https:\/\/api.w.org\/{rel}","templated":true}]}}