{"id":847,"date":"2020-12-04T14:54:17","date_gmt":"2020-12-04T13:54:17","guid":{"rendered":"https:\/\/bonello.hu\/?post_type=product&#038;p=847"},"modified":"2021-10-12T19:41:34","modified_gmt":"2021-10-12T18:41:34","slug":"levendula-lila-csipkevel-diszitett-kislany-ruha-98-104-meretben","status":"publish","type":"product","link":"https:\/\/bonello.hu\/?product=levendula-lila-csipkevel-diszitett-kislany-ruha-98-104-meretben","title":{"rendered":"Levendula lila csipk\u00e9vel d\u00edsz\u00edtett kisl\u00e1ny ruha 98-104 m\u00e9retben"},"content":{"rendered":"<p>S\u00f6t\u00e9t bord\u00f3s lila pamutv\u00e1szon mell r\u00e9szn\u00e9l szabott fels\u0151r\u00e9sz \u00e9s levendula lila pamutszat\u00e9n szoknya kombin\u00e1ci\u00f3ja ez a kisruha.\u00a0 A szoknya alj\u00e1t feh\u00e9r csipke szalag, a fels\u0151 r\u00e9szt 3 feh\u00e9r gomb d\u00edsz\u00edti.<\/p>\n<p>98-104 m\u00e9retben k\u00e9sz\u00fclt el.<\/p>\n<p>Anyaga: 100% pamut, 100% pamut csipke<\/p>\n<p><strong>Ha nincs k\u00e9szleten, de szeretne ehhez hasonl\u00f3 ruh\u00e1t m\u00e1s sz\u00ednben vagy m\u00e9retben, akkor keressen meg az el\u00e9rhet\u0151s\u00e9geimen. Sz\u00edvesen elk\u00e9sz\u00edtem k\u00e9r\u00e9s szerint.<\/strong><\/p>\n","protected":false},"excerpt":{"rendered":"<p>S\u00f6t\u00e9t bord\u00f3s lila pamutv\u00e1szon mell r\u00e9szn\u00e9l szabott fels\u0151r\u00e9sz \u00e9s levendula lila pamutszat\u00e9n szoknya kombin\u00e1ci\u00f3ja ez a kisruha.\u00a0 A szoknya alj\u00e1t feh\u00e9r csipke szalag, a fels\u0151 r\u00e9szt 3 feh\u00e9r gomb d\u00edsz\u00edti. 98-104 m\u00e9retben k\u00e9sz\u00fclt el. Anyaga: 100% pamut, 100% pamut csipke Ha nincs k\u00e9szleten, de szeretne ehhez hasonl\u00f3 ruh\u00e1t m\u00e1s sz\u00ednben vagy m\u00e9retben, akkor keressen meg [&hellip;]<\/p>\n","protected":false},"featured_media":0,"template":"","meta":{"_et_pb_use_builder":"","_et_pb_old_content":"","_et_gb_content_width":""},"product_cat":[25,22,61],"product_tag":[80,72,69,109,56,84],"_links":{"self":[{"href":"https:\/\/bonello.hu\/index.php?rest_route=\/wp\/v2\/product\/847"}],"collection":[{"href":"https:\/\/bonello.hu\/index.php?rest_route=\/wp\/v2\/product"}],"about":[{"href":"https:\/\/bonello.hu\/index.php?rest_route=\/wp\/v2\/types\/product"}],"wp:attachment":[{"href":"https:\/\/bonello.hu\/index.php?rest_route=%2Fwp%2Fv2%2Fmedia&parent=847"}],"wp:term":[{"taxonomy":"product_cat","embeddable":true,"href":"https:\/\/bonello.hu\/index.php?rest_route=%2Fwp%2Fv2%2Fproduct_cat&post=847"},{"taxonomy":"product_tag","embeddable":true,"href":"https:\/\/bonello.hu\/index.php?rest_route=%2Fwp%2Fv2%2Fproduct_tag&post=847"}],"curies":[{"name":"wp","href":"https:\/\/api.w.org\/{rel}","templated":true}]}}