{"id":849,"date":"2020-12-04T15:06:56","date_gmt":"2020-12-04T14:06:56","guid":{"rendered":"https:\/\/bonello.hu\/?post_type=product&#038;p=849"},"modified":"2023-01-10T20:45:36","modified_gmt":"2023-01-10T19:45:36","slug":"piros-rozsamintas-retro-kinezetu-kislany-ruha-104-meretben","status":"publish","type":"product","link":"https:\/\/bonello.hu\/?product=piros-rozsamintas-retro-kinezetu-kislany-ruha-104-meretben","title":{"rendered":"Piros r\u00f3zsamint\u00e1s retro kin\u00e9zet\u0171 kisl\u00e1ny ruha 104 m\u00e9retben"},"content":{"rendered":"<p>Piros alapon feh\u00e9r r\u00f3zsa mint\u00e1s pamutv\u00e1szon anyagb\u00f3l k\u00e9sz\u00fclt.<\/p>\n<p>Retro kin\u00e9zet\u0171 a mint\u00e1ja miatt.<\/p>\n<p>Alja b\u0151 szab\u00e1s\u00fa, p\u00f6rg\u0151s fazon, alja feh\u00e9r szalaggal d\u00edsz\u00edtett.<\/p>\n<p>Dereka szabott a feh\u00e9r p\u00e1nt cs\u00edkkal. H\u00e1tulja cipz\u00e1rral z\u00e1r\u00f3dik.<\/p>\n<p>Az als\u00f3szoknya t\u00fcllel varrt, \u00edgy nagyon sz\u00e9pen kitartja a ruha alj\u00e1t. 104 m\u00e9retre szabott.<\/p>\n<p>Anyaga: 100% pamut<\/p>\n<p><strong>Ha nincs k\u00e9szleten, de szeretne ehhez hasonl\u00f3 ruh\u00e1t m\u00e1s sz\u00ednben vagy m\u00e9retben, akkor keressen meg az el\u00e9rhet\u0151s\u00e9geimen. Sz\u00edvesen elk\u00e9sz\u00edtem k\u00e9r\u00e9s szerint.<\/strong><\/p>\n<p>&nbsp;<\/p>\n","protected":false},"excerpt":{"rendered":"<p>Piros alapon feh\u00e9r r\u00f3zsa mint\u00e1s pamutv\u00e1szon anyagb\u00f3l k\u00e9sz\u00fclt. Retro kin\u00e9zet\u0171 a mint\u00e1ja miatt. Alja b\u0151 szab\u00e1s\u00fa, p\u00f6rg\u0151s fazon, alja feh\u00e9r szalaggal d\u00edsz\u00edtett. Dereka szabott a feh\u00e9r p\u00e1nt cs\u00edkkal. H\u00e1tulja cipz\u00e1rral z\u00e1r\u00f3dik. Az als\u00f3szoknya t\u00fcllel varrt, \u00edgy nagyon sz\u00e9pen kitartja a ruha alj\u00e1t. 104 m\u00e9retre szabott. Anyaga: 100% pamut Ha nincs k\u00e9szleten, de szeretne ehhez hasonl\u00f3 [&hellip;]<\/p>\n","protected":false},"featured_media":2212,"template":"","meta":{"_et_pb_use_builder":"","_et_pb_old_content":"","_et_gb_content_width":""},"product_cat":[22,61,30],"product_tag":[72,69,109,101,124,123],"_links":{"self":[{"href":"https:\/\/bonello.hu\/index.php?rest_route=\/wp\/v2\/product\/849"}],"collection":[{"href":"https:\/\/bonello.hu\/index.php?rest_route=\/wp\/v2\/product"}],"about":[{"href":"https:\/\/bonello.hu\/index.php?rest_route=\/wp\/v2\/types\/product"}],"wp:featuredmedia":[{"embeddable":true,"href":"https:\/\/bonello.hu\/index.php?rest_route=\/wp\/v2\/media\/2212"}],"wp:attachment":[{"href":"https:\/\/bonello.hu\/index.php?rest_route=%2Fwp%2Fv2%2Fmedia&parent=849"}],"wp:term":[{"taxonomy":"product_cat","embeddable":true,"href":"https:\/\/bonello.hu\/index.php?rest_route=%2Fwp%2Fv2%2Fproduct_cat&post=849"},{"taxonomy":"product_tag","embeddable":true,"href":"https:\/\/bonello.hu\/index.php?rest_route=%2Fwp%2Fv2%2Fproduct_tag&post=849"}],"curies":[{"name":"wp","href":"https:\/\/api.w.org\/{rel}","templated":true}]}}