{"id":852,"date":"2020-12-04T15:21:42","date_gmt":"2020-12-04T14:21:42","guid":{"rendered":"https:\/\/bonello.hu\/?post_type=product&#038;p=852"},"modified":"2021-10-12T19:33:18","modified_gmt":"2021-10-12T18:33:18","slug":"sotetkek-pottyos-ruha-98-104-meretben","status":"publish","type":"product","link":"https:\/\/bonello.hu\/?product=sotetkek-pottyos-ruha-98-104-meretben","title":{"rendered":"S\u00f6t\u00e9tk\u00e9k p\u00f6tty\u00f6s ruha 98-104 m\u00e9retben"},"content":{"rendered":"<p>Romantikus hangulat\u00fa p\u00f6tty\u00f6s kisruha.<\/p>\n<p>Rugalmas pamut anyagb\u00f3l k\u00e9sz\u00fclt. Mell r\u00e9szn\u00e9l szabott \u00e9s r\u00e1ncolt. Visszafogott , de eleg\u00e1ns csipke d\u00edsz\u00edt\u00e9s van varrva melln\u00e9l, h\u00e1tul megk\u00f6thet\u0151 masniv\u00e1.<\/p>\n<p>A nyaka gum\u00edrozott megold\u00e1s\u00fa A szoknya r\u00e9sze b\u0151v\u00fcl\u0151 p\u00f6rg\u0151s fazon\u00fa, ujja gumis fodroz\u00e1s\u00fa.<\/p>\n<p>Anyaga: 100% pamut<\/p>\n<p><strong>Ha nincs k\u00e9szleten, de szeretne ehhez hasonl\u00f3 ruh\u00e1t m\u00e1s sz\u00ednben vagy m\u00e9retben, akkor keressen meg az el\u00e9rhet\u0151s\u00e9geimen. Sz\u00edvesen elk\u00e9sz\u00edtem k\u00e9r\u00e9s szerint.<\/strong><\/p>\n<p>&nbsp;<\/p>\n","protected":false},"excerpt":{"rendered":"<p>Romantikus hangulat\u00fa p\u00f6tty\u00f6s kisruha. Rugalmas pamut anyagb\u00f3l k\u00e9sz\u00fclt. Mell r\u00e9szn\u00e9l szabott \u00e9s r\u00e1ncolt. Visszafogott , de eleg\u00e1ns csipke d\u00edsz\u00edt\u00e9s van varrva melln\u00e9l, h\u00e1tul megk\u00f6thet\u0151 masniv\u00e1. A nyaka gum\u00edrozott megold\u00e1s\u00fa A szoknya r\u00e9sze b\u0151v\u00fcl\u0151 p\u00f6rg\u0151s fazon\u00fa, ujja gumis fodroz\u00e1s\u00fa. Anyaga: 100% pamut Ha nincs k\u00e9szleten, de szeretne ehhez hasonl\u00f3 ruh\u00e1t m\u00e1s sz\u00ednben vagy m\u00e9retben, akkor keressen [&hellip;]<\/p>\n","protected":false},"featured_media":0,"template":"","meta":{"_et_pb_use_builder":"","_et_pb_old_content":"","_et_gb_content_width":""},"product_cat":[22,61,30],"product_tag":[80,72,69,71,121,54],"_links":{"self":[{"href":"https:\/\/bonello.hu\/index.php?rest_route=\/wp\/v2\/product\/852"}],"collection":[{"href":"https:\/\/bonello.hu\/index.php?rest_route=\/wp\/v2\/product"}],"about":[{"href":"https:\/\/bonello.hu\/index.php?rest_route=\/wp\/v2\/types\/product"}],"wp:attachment":[{"href":"https:\/\/bonello.hu\/index.php?rest_route=%2Fwp%2Fv2%2Fmedia&parent=852"}],"wp:term":[{"taxonomy":"product_cat","embeddable":true,"href":"https:\/\/bonello.hu\/index.php?rest_route=%2Fwp%2Fv2%2Fproduct_cat&post=852"},{"taxonomy":"product_tag","embeddable":true,"href":"https:\/\/bonello.hu\/index.php?rest_route=%2Fwp%2Fv2%2Fproduct_tag&post=852"}],"curies":[{"name":"wp","href":"https:\/\/api.w.org\/{rel}","templated":true}]}}