{"id":856,"date":"2020-12-09T20:35:44","date_gmt":"2020-12-09T19:35:44","guid":{"rendered":"https:\/\/bonello.hu\/?post_type=product&#038;p=856"},"modified":"2021-10-12T19:30:50","modified_gmt":"2021-10-12T18:30:50","slug":"rozsaszin-pottyos-kisruha-3-4-eves-meteben","status":"publish","type":"product","link":"https:\/\/bonello.hu\/?product=rozsaszin-pottyos-kisruha-3-4-eves-meteben","title":{"rendered":"R\u00f3zsasz\u00edn p\u00f6tty\u00f6s kisruha 3-4 \u00e9ves m\u00e9teben"},"content":{"rendered":"<p>Puha tapint\u00e1s\u00fa farmer szokny\u00e1s kisruha, t\u00fcll\u00f6s als\u00f3szokny\u00e1val k\u00e9sz\u00fclt. A fels\u0151r\u00e9sz r\u00f3zsasz\u00edn p\u00f6tty\u00f6s pamutv\u00e1szon anyag\u00fa, v\u00e1lla \u00e9s nyaka fodros csipk\u00e9vel d\u00edsz\u00edtett. H\u00e1ta V kiv\u00e1s\u00e1s\u00fa, rejtett gombol\u00e1ssal z\u00e1r\u00f3dik.\u00a0 Derek\u00e1n sz\u00ednben passzol\u00f3 t\u00fcll szalag, nagy masniv\u00e1 k\u00f6tve, amely h\u00e1tulra is helyezhet\u0151.<\/p>\n<p>98-104 m\u00e9retre szabott darab.<br \/>\nMellsz\u00e9less\u00e9g:30cm<br \/>\nHossz:52cm<\/p>\n<p>Anyaga 100% pamut<\/p>\n<p><strong>Ha nincs k\u00e9szleten, de szeretne ehhez hasonl\u00f3 ruh\u00e1t m\u00e1s sz\u00ednben vagy m\u00e9retben, akkor keressen meg az el\u00e9rhet\u0151s\u00e9geimen. Sz\u00edvesen elk\u00e9sz\u00edtem k\u00e9r\u00e9s szerint.<\/strong><\/p>\n","protected":false},"excerpt":{"rendered":"<p>Puha tapint\u00e1s\u00fa farmer szokny\u00e1s kisruha, t\u00fcll\u00f6s als\u00f3szokny\u00e1val k\u00e9sz\u00fclt. A fels\u0151r\u00e9sz r\u00f3zsasz\u00edn p\u00f6tty\u00f6s pamutv\u00e1szon anyag\u00fa, v\u00e1lla \u00e9s nyaka fodros csipk\u00e9vel d\u00edsz\u00edtett. H\u00e1ta V kiv\u00e1s\u00e1s\u00fa, rejtett gombol\u00e1ssal z\u00e1r\u00f3dik.\u00a0 Derek\u00e1n sz\u00ednben passzol\u00f3 t\u00fcll szalag, nagy masniv\u00e1 k\u00f6tve, amely h\u00e1tulra is helyezhet\u0151. 98-104 m\u00e9retre szabott darab. Mellsz\u00e9less\u00e9g:30cm Hossz:52cm Anyaga 100% pamut Ha nincs k\u00e9szleten, de szeretne ehhez hasonl\u00f3 ruh\u00e1t [&hellip;]<\/p>\n","protected":false},"featured_media":0,"template":"","meta":{"_et_pb_use_builder":"","_et_pb_old_content":"","_et_gb_content_width":""},"product_cat":[22,61],"product_tag":[80,121,54,55,90,65],"_links":{"self":[{"href":"https:\/\/bonello.hu\/index.php?rest_route=\/wp\/v2\/product\/856"}],"collection":[{"href":"https:\/\/bonello.hu\/index.php?rest_route=\/wp\/v2\/product"}],"about":[{"href":"https:\/\/bonello.hu\/index.php?rest_route=\/wp\/v2\/types\/product"}],"wp:attachment":[{"href":"https:\/\/bonello.hu\/index.php?rest_route=%2Fwp%2Fv2%2Fmedia&parent=856"}],"wp:term":[{"taxonomy":"product_cat","embeddable":true,"href":"https:\/\/bonello.hu\/index.php?rest_route=%2Fwp%2Fv2%2Fproduct_cat&post=856"},{"taxonomy":"product_tag","embeddable":true,"href":"https:\/\/bonello.hu\/index.php?rest_route=%2Fwp%2Fv2%2Fproduct_tag&post=856"}],"curies":[{"name":"wp","href":"https:\/\/api.w.org\/{rel}","templated":true}]}}