{"id":906,"date":"2020-12-13T19:41:35","date_gmt":"2020-12-13T18:41:35","guid":{"rendered":"https:\/\/bonello.hu\/?post_type=product&#038;p=906"},"modified":"2021-10-12T18:58:46","modified_gmt":"2021-10-12T17:58:46","slug":"levendula-lila-merevitett-szoknyaju-kislany-ruha-122-134-meretben","status":"publish","type":"product","link":"https:\/\/bonello.hu\/?product=levendula-lila-merevitett-szoknyaju-kislany-ruha-122-134-meretben","title":{"rendered":"Levendula lila merev\u00edtett szokny\u00e1j\u00fa kisl\u00e1ny ruha 122-134 m\u00e9retben"},"content":{"rendered":"<p>Vil\u00e1gos \u00e9s s\u00f6t\u00e9t levendula lila sz\u00edn\u0171 \u00f6ssze\u00e1ll\u00edt\u00e1s. A ruha fels\u0151 r\u00e9szes pamutb\u00f3l k\u00e9sz\u00fclt, h\u00e1ta V alakban nyitott \u00e9s flitterekkel kivarrt. F\u0171z\u0151vel \u00e1ll\u00edthat\u00f3 m\u00e9retre.<\/p>\n<p>Elej\u00e9re k\u00e9zzel varrva egy vir\u00e1g tenger gy\u00f6ngy\u00f6kkel a k\u00f6zep\u00e9n.<\/p>\n<p>A szoknya 3 r\u00e9teg\u0171, egy als\u00f3 \u00e9s k\u00e9t r\u00e9teg s\u00f6t\u00e9tlila \u00e1ttetsz\u0151 anyagb\u00f3l k\u00f6r alakban szabottak, melyek hossza elt\u00e9r\u0151 \u00e9s alja l\u00f3sz\u0151r merev\u00edt\u0151s. Ezzel a megold\u00e1ssal hull\u00e1mos hat\u00e1st kelt. Asszimetrikus a szoknya, el\u00f6l r\u00f6videbb, h\u00e1tul hosszabb fazon\u00fa.<\/p>\n<p>Der\u00e9k: 68cm<\/p>\n<p>Hossza el\u0151l: 69cm, h\u00e1tuul 88cm<\/p>\n<p>A ruha t\u00f6bb m\u00e9ret\u0171 a fels\u0151 rugalmass\u00e1ga \u00e9s a f\u0171z\u0151 miatt. 122-134 m\u00e9retben hordhat\u00f3<\/p>\n<p>Anyag\u00f6sszet\u00e9tel: 20%pamut, 80% poli\u00e9szter<\/p>\n<p><strong>Ha nincs k\u00e9szleten, de szeretne ehhez hasonl\u00f3 ruh\u00e1t m\u00e1s sz\u00ednben vagy m\u00e9retben, akkor keressen meg az el\u00e9rhet\u0151s\u00e9geimen. Sz\u00edvesen elk\u00e9sz\u00edtem k\u00e9r\u00e9s szerint.<\/strong><\/p>\n","protected":false},"excerpt":{"rendered":"<p>Vil\u00e1gos \u00e9s s\u00f6t\u00e9t levendula lila sz\u00edn\u0171 \u00f6ssze\u00e1ll\u00edt\u00e1s. A ruha fels\u0151 r\u00e9szes pamutb\u00f3l k\u00e9sz\u00fclt, h\u00e1ta V alakban nyitott \u00e9s flitterekkel kivarrt. F\u0171z\u0151vel \u00e1ll\u00edthat\u00f3 m\u00e9retre. Elej\u00e9re k\u00e9zzel varrva egy vir\u00e1g tenger gy\u00f6ngy\u00f6kkel a k\u00f6zep\u00e9n. A szoknya 3 r\u00e9teg\u0171, egy als\u00f3 \u00e9s k\u00e9t r\u00e9teg s\u00f6t\u00e9tlila \u00e1ttetsz\u0151 anyagb\u00f3l k\u00f6r alakban szabottak, melyek hossza elt\u00e9r\u0151 \u00e9s alja l\u00f3sz\u0151r merev\u00edt\u0151s. Ezzel [&hellip;]<\/p>\n","protected":false},"featured_media":0,"template":"","meta":{"_et_pb_use_builder":"","_et_pb_old_content":"","_et_gb_content_width":""},"product_cat":[25,29,30],"product_tag":[68,129,56,130,73],"_links":{"self":[{"href":"https:\/\/bonello.hu\/index.php?rest_route=\/wp\/v2\/product\/906"}],"collection":[{"href":"https:\/\/bonello.hu\/index.php?rest_route=\/wp\/v2\/product"}],"about":[{"href":"https:\/\/bonello.hu\/index.php?rest_route=\/wp\/v2\/types\/product"}],"wp:attachment":[{"href":"https:\/\/bonello.hu\/index.php?rest_route=%2Fwp%2Fv2%2Fmedia&parent=906"}],"wp:term":[{"taxonomy":"product_cat","embeddable":true,"href":"https:\/\/bonello.hu\/index.php?rest_route=%2Fwp%2Fv2%2Fproduct_cat&post=906"},{"taxonomy":"product_tag","embeddable":true,"href":"https:\/\/bonello.hu\/index.php?rest_route=%2Fwp%2Fv2%2Fproduct_tag&post=906"}],"curies":[{"name":"wp","href":"https:\/\/api.w.org\/{rel}","templated":true}]}}